{"id":58,"date":"2018-12-14T16:12:28","date_gmt":"2018-12-14T15:12:28","guid":{"rendered":"http:\/\/www.museominerario.it\/2018\/?page_id=58"},"modified":"2025-03-15T16:41:08","modified_gmt":"2025-03-15T15:41:08","slug":"scuole-e-gruppi","status":"publish","type":"page","link":"https:\/\/www.museominerario.it\/2018\/scuole-e-gruppi\/","title":{"rendered":"Scuole e Gruppi"},"content":{"rendered":"<div class=\"wpb-content-wrapper\"><p>[vc_row full_width=&#8221;stretch_row&#8221; bg_type=&#8221;bg_color&#8221; seperator_enable=&#8221;seperator_enable_value&#8221; seperator_type=&#8221;tilt_left_seperator&#8221; seperator_position=&#8221;bottom_seperator&#8221; seperator_shape_background=&#8221;#912224&#8243; bg_color_value=&#8221;#ffffff&#8221; css=&#8221;.vc_custom_1545060940845{padding-bottom: 30px !important;}&#8221;][vc_column]<div id=\"ultimate-heading-38906a07a3474739a\" class=\"uvc-heading ult-adjust-bottom-margin ultimate-heading-38906a07a3474739a uvc-4494 \" data-hspacer=\"no_spacer\"  data-halign=\"left\" style=\"text-align:left\"><div class=\"uvc-heading-spacer no_spacer\" style=\"top\"><\/div><div class=\"uvc-main-heading ult-responsive\"  data-ultimate-target='.uvc-heading.ultimate-heading-38906a07a3474739a div'  data-responsive-json-new='{\"font-size\":\"desktop:40px;\",\"line-height\":\"desktop:45px;\"}' ><div style=\"font-family:&#039;Montserrat&#039;;font-weight:200;color:#000000;margin-bottom:0px;\">SCUOLE &amp; GRUPPI<\/div><\/div><\/div>[\/vc_column][\/vc_row][vc_row full_width=&#8221;stretch_row&#8221; bg_type=&#8221;bg_color&#8221; seperator_enable=&#8221;seperator_enable_value&#8221; seperator_type=&#8221;tilt_left_seperator&#8221; seperator_shape_background=&#8221;#912224&#8243; bg_color_value=&#8221;#ffffff&#8221;][vc_column][vc_empty_space][\/vc_column][\/vc_row][vc_row css=&#8221;.vc_custom_1559746104508{margin-top: 35px !important;}&#8221;][vc_column width=&#8221;1\/4&#8243;]<div id=\"ultimate-heading-87136a07a34747401\" class=\"uvc-heading ult-adjust-bottom-margin ultimate-heading-87136a07a34747401 uvc-7098 \" data-hspacer=\"no_spacer\"  data-halign=\"right\" style=\"text-align:right\"><div class=\"uvc-heading-spacer no_spacer\" style=\"top\"><\/div><div class=\"uvc-main-heading ult-responsive\"  data-ultimate-target='.uvc-heading.ultimate-heading-87136a07a34747401 div'  data-responsive-json-new='{\"font-size\":\"desktop:40px;\",\"line-height\":\"desktop:45px;\"}' ><div style=\"font-family:&#039;Montserrat&#039;;font-weight:700;color:#000000;margin-bottom:0px;\">TARIFFE<\/div><\/div><div class=\"uvc-sub-heading ult-responsive\"  data-ultimate-target='.uvc-heading.ultimate-heading-87136a07a34747401 .uvc-sub-heading '  data-responsive-json-new='{\"font-size\":\"desktop:40px;\",\"line-height\":\"desktop:45px;\"}'  style=\"font-family:&#039;Montserrat&#039;;font-weight:200;color:#000000;margin-top:0px;margin-bottom:30px;\">VISITE GUIDATE E ATTIVITA&#8217;<\/div><\/div>[\/vc_column][vc_column width=&#8221;2\/3&#8243;][vc_column_text css=&#8221;.vc_custom_1717162159673{margin-bottom: 10px !important;}&#8221;]La visita guidata alle esposizioni museali per gruppi segue il seguente tariffario:<\/p>\n<p><b>Museo Multimediale + Museo Documentale + Galleria livello VII con locomotore &#8211; \u20ac 10,00<br \/>\nMuseo Multimediale + Museo Documentale + Galleria livello VII a piedi &#8211;<\/b><b> \u20ac 9,00<\/b><\/p>\n<p>Per i percorsi didattici e le attivit\u00e0, in abbinamento alla visita guidata o non, \u00e8 possibile consultare la seguente pagina[\/vc_column_text]<style type=\"text\/css\" data-type=\"the7_shortcodes-inline-css\">#default-btn-39e3c6f601ccfcbc574bce0b37a16610.ico-right-side > i {\n  margin-right: 0px;\n  margin-left: 8px;\n}\n#default-btn-39e3c6f601ccfcbc574bce0b37a16610 > i {\n  margin-right: 8px;\n}<\/style><a href=\"http:\/\/www.museominerario.it\/2018\/offerta-didattica\/\" class=\"default-btn-shortcode dt-btn dt-btn-s link-hover-off btn-inline-left \" id=\"default-btn-39e3c6f601ccfcbc574bce0b37a16610\" title=\"Offerta didattica\"><i class=\"fas fa-external-link-square-alt\"><\/i><span>Percorsi didattici e attivit\u00e0 didattiche<\/span><\/a>[\/vc_column][\/vc_row][vc_row css=&#8221;.vc_custom_1559746104508{margin-top: 35px !important;}&#8221;][vc_column width=&#8221;1\/4&#8243;]<div id=\"ultimate-heading-27016a07a347475d2\" class=\"uvc-heading ult-adjust-bottom-margin ultimate-heading-27016a07a347475d2 uvc-580 \" data-hspacer=\"no_spacer\"  data-halign=\"right\" style=\"text-align:right\"><div class=\"uvc-heading-spacer no_spacer\" style=\"top\"><\/div><div class=\"uvc-main-heading ult-responsive\"  data-ultimate-target='.uvc-heading.ultimate-heading-27016a07a347475d2 div'  data-responsive-json-new='{\"font-size\":\"desktop:40px;\",\"line-height\":\"desktop:45px;\"}' ><div style=\"font-family:&#039;Montserrat&#039;;font-weight:700;color:#000000;margin-bottom:0px;\">COME PRENOTARE<\/div><\/div><div class=\"uvc-sub-heading ult-responsive\"  data-ultimate-target='.uvc-heading.ultimate-heading-27016a07a347475d2 .uvc-sub-heading '  data-responsive-json-new='{\"font-size\":\"desktop:40px;\",\"line-height\":\"desktop:45px;\"}'  style=\"font-family:&#039;Montserrat&#039;;font-weight:200;color:#000000;margin-top:0px;margin-bottom:30px;\">UNA VISITA<\/div><\/div>[\/vc_column][vc_column width=&#8221;1\/3&#8243;][vc_icon icon_fontawesome=&#8221;fa fa-hand-pointer-o&#8221; color=&#8221;custom&#8221; size=&#8221;lg&#8221; align=&#8221;center&#8221; custom_color=&#8221;#912224&#8243;]<div id=\"ultimate-heading-79676a07a3474762d\" class=\"uvc-heading ult-adjust-bottom-margin ultimate-heading-79676a07a3474762d uvc-5447 \" data-hspacer=\"line_only\"  data-halign=\"left\" style=\"text-align:left\"><div class=\"uvc-main-heading ult-responsive\"  data-ultimate-target='.uvc-heading.ultimate-heading-79676a07a3474762d h1'  data-responsive-json-new='{\"font-size\":\"desktop:25px;\",\"line-height\":\"desktop:30px;\"}' ><h1 style=\"font-family:&#039;Montserrat&#039;;font-weight:200;color:#3a3a3a;margin-bottom:10px;\">SCEGLI LE ATTIVIT\u00c0 TRA QUELLE DESCRITTE NEL CATALOGO O SUL SITO<\/h1><\/div><div class=\"uvc-heading-spacer line_only\" style=\"margin-bottom:20px;height:3px;\"><span class=\"uvc-headings-line\" style=\"border-style:solid;border-bottom-width:3px;border-color:#912224;width:100px;\"><\/span><\/div><\/div>[vc_column_text css=&#8221;&#8221;]Scegli le attivit\u00e0 tra quelle riportate a <a href=\"http:\/\/www.museominerario.it\/2018\/offerta-didattica\/\">questa pagina<\/a> o in <a href=\"\/wp-content\/uploads\/2025\/03\/catalogo-A.S.-2025-2026-web.pdf\" target=\"_blank\" rel=\"noopener noreferrer\">questo catalogo<\/a>[\/vc_column_text][\/vc_column][vc_column width=&#8221;1\/3&#8243;][vc_icon icon_fontawesome=&#8221;fa fa-pencil&#8221; color=&#8221;custom&#8221; size=&#8221;lg&#8221; align=&#8221;center&#8221; custom_color=&#8221;#912224&#8243;]<div id=\"ultimate-heading-7706a07a34747667\" class=\"uvc-heading ult-adjust-bottom-margin ultimate-heading-7706a07a34747667 uvc-6384 \" data-hspacer=\"line_only\"  data-halign=\"left\" style=\"text-align:left\"><div class=\"uvc-main-heading ult-responsive\"  data-ultimate-target='.uvc-heading.ultimate-heading-7706a07a34747667 h1'  data-responsive-json-new='{\"font-size\":\"desktop:25px;\",\"line-height\":\"desktop:30px;\"}' ><h1 style=\"font-family:&#039;Montserrat&#039;;font-weight:200;color:#3a3a3a;margin-bottom:10px;\">COMPILA LA RICHIESTA DI PRENOTAZIONE<\/h1><\/div><div class=\"uvc-heading-spacer line_only\" style=\"margin-bottom:20px;height:3px;\"><span class=\"uvc-headings-line\" style=\"border-style:solid;border-bottom-width:3px;border-color:#912224;width:100px;\"><\/span><\/div><\/div>[vc_column_text]<b>Online<\/b> &#8211; Puoi compilare il form di prenotazione che trovi a <a href=\"http:\/\/www.museominerario.it\/2018\/prenotagruppo\">questa pagina<\/a><br \/>\n<b>Via Fax o Email<\/b> &#8211; Compila il modello che trovi in fondo a questo catalogo ed inviacelo tramite fax o email a <a href=\"http:\/\/www.museominerario.it\/2018\/contatti\/\" target=\"_blank\" rel=\"noopener noreferrer\">questi recapiti<\/a>[\/vc_column_text][\/vc_column][\/vc_row][vc_row css=&#8221;.vc_custom_1559746104508{margin-top: 35px !important;}&#8221;][vc_column width=&#8221;1\/4&#8243;][\/vc_column][vc_column width=&#8221;1\/3&#8243;][vc_icon icon_fontawesome=&#8221;fa fa-envelope-open&#8221; color=&#8221;custom&#8221; size=&#8221;lg&#8221; align=&#8221;center&#8221; custom_color=&#8221;#912224&#8243;]<div id=\"ultimate-heading-51526a07a3474769c\" class=\"uvc-heading ult-adjust-bottom-margin ultimate-heading-51526a07a3474769c uvc-7175 \" data-hspacer=\"line_only\"  data-halign=\"left\" style=\"text-align:left\"><div class=\"uvc-main-heading ult-responsive\"  data-ultimate-target='.uvc-heading.ultimate-heading-51526a07a3474769c h1'  data-responsive-json-new='{\"font-size\":\"desktop:25px;\",\"line-height\":\"desktop:30px;\"}' ><h1 style=\"font-family:&#039;Montserrat&#039;;font-weight:200;color:#3a3a3a;margin-bottom:10px;\">RICEVI LA CONFERMA DI PRENOTAZIONE<\/h1><\/div><div class=\"uvc-heading-spacer line_only\" style=\"margin-bottom:20px;height:3px;\"><span class=\"uvc-headings-line\" style=\"border-style:solid;border-bottom-width:3px;border-color:#912224;width:100px;\"><\/span><\/div><\/div>[vc_column_text]A seguito della richiesta di prenotazione riceverete all\u2019indirizzo di posta elettronica comunicato, la CONFERMA DELLA PRENOTAZIONE.[\/vc_column_text][\/vc_column][vc_column width=&#8221;1\/3&#8243;][vc_icon icon_fontawesome=&#8221;fa fa-paper-plane-o&#8221; color=&#8221;custom&#8221; size=&#8221;lg&#8221; align=&#8221;center&#8221; custom_color=&#8221;#912224&#8243;]<div id=\"ultimate-heading-67166a07a347476d0\" class=\"uvc-heading ult-adjust-bottom-margin ultimate-heading-67166a07a347476d0 uvc-6736 \" data-hspacer=\"line_only\"  data-halign=\"left\" style=\"text-align:left\"><div class=\"uvc-main-heading ult-responsive\"  data-ultimate-target='.uvc-heading.ultimate-heading-67166a07a347476d0 h1'  data-responsive-json-new='{\"font-size\":\"desktop:25px;\",\"line-height\":\"desktop:30px;\"}' ><h1 style=\"font-family:&#039;Montserrat&#039;;font-weight:200;color:#3a3a3a;margin-bottom:10px;\">EFFETTUA IL PAGAMENTO E INVIACI LA RICEVUTA<\/h1><\/div><div class=\"uvc-heading-spacer line_only\" style=\"margin-bottom:20px;height:3px;\"><span class=\"uvc-headings-line\" style=\"border-style:solid;border-bottom-width:3px;border-color:#912224;width:100px;\"><\/span><\/div><\/div>[vc_column_text]Per confermare la prenotazione \u00e8 necessario effettuare il pagamento <b>entro 10 giorni<\/b> dalla data di ricezione della conferma di prenotazione e inviare la relativa RICEVUTA DI PAGAMENTO a <a href=\"mailto:info@museominerario.it\">info@museominerario.it<\/a> .[\/vc_column_text][\/vc_column][\/vc_row][vc_row css=&#8221;.vc_custom_1559746104508{margin-top: 35px !important;}&#8221;][vc_column width=&#8221;1\/4&#8243;][\/vc_column][vc_column width=&#8221;2\/3&#8243;][vc_message]Puoi effettuare il pagamento sul c\/c bancario IBAN IT 07 H 01030 71750 0000 0125 1034 intestato a Consorzio Terre di Toscana specificando nella causale il numero di pratica assegnato nella conferma di prenotazione.[\/vc_message][vc_message message_box_color=&#8221;warning&#8221;]Per avvalersi della fatturazione elettronica richiederne il modello al momento della prenotazione. Qualora ci si avvalga di un istituto di credito che per contratto addebita le spese e\/o commissioni al beneficiario del pagamento, l\u2019importo da versare dovr\u00e0 essere incrementato di dette spese e\/o commissioni.[\/vc_message][\/vc_column][\/vc_row][vc_row css=&#8221;.vc_custom_1559746104508{margin-top: 35px !important;}&#8221;][vc_column width=&#8221;1\/4&#8243;]<div id=\"ultimate-heading-35616a07a34747702\" class=\"uvc-heading ult-adjust-bottom-margin ultimate-heading-35616a07a34747702 uvc-7395 \" data-hspacer=\"no_spacer\"  data-halign=\"right\" style=\"text-align:right\"><div class=\"uvc-heading-spacer no_spacer\" style=\"top\"><\/div><div class=\"uvc-main-heading ult-responsive\"  data-ultimate-target='.uvc-heading.ultimate-heading-35616a07a34747702 div'  data-responsive-json-new='{\"font-size\":\"desktop:40px;\",\"line-height\":\"desktop:45px;\"}' ><div style=\"font-family:&#039;Montserrat&#039;;font-weight:700;color:#000000;margin-bottom:0px;\">IL PARCO MUSEO<\/div><\/div><div class=\"uvc-sub-heading ult-responsive\"  data-ultimate-target='.uvc-heading.ultimate-heading-35616a07a34747702 .uvc-sub-heading '  data-responsive-json-new='{\"font-size\":\"desktop:40px;\",\"line-height\":\"desktop:45px;\"}'  style=\"font-family:&#039;Montserrat&#039;;font-weight:200;color:#000000;margin-top:0px;margin-bottom:30px;\">AL TUO SERVIZIO<\/div><\/div>[\/vc_column][vc_column width=&#8221;3\/4&#8243;][vc_column_text]Presso la biglietteria, incontrerete l\u2019operatore che accompagner\u00e0 il vostro gruppo alla scoperta del Museo.<span class=\"Apple-converted-space\">\u00a0<\/span><\/p>\n<p>Presso il nostro museo sono ammesse esclusivamente le visite guidate fatte dal personale del Museo. Ricordiamo che \u00e8 responsabilit\u00e0 dell\u2019insegnante e delle guide esterne mantenere i gruppi uniti favorendo il corretto svolgimento dell\u2019attivit\u00e0.<span class=\"Apple-converted-space\">\u00a0<\/span><\/p>\n<p>Nell\u2019area di ingresso coperta presso la biglietteria, esclusivamente su prenotazione,<span class=\"Apple-converted-space\">\u00a0 <\/span>\u00e8 possibile consumare il proprio pranzo al sacco al costo di 80,00\u20ac forfettari. L\u2019area mette a disposizione i servizi igenici e posti a sedere (i tavoli non sono inclusi). Il locale \u00e8 utilizzabile nei giorni di apertura del museo dalle ore 12:00 alle 15:00 secondo la seguente turnazione:<\/p>\n<p><b>1\u00b0 turno<\/b> dalle 12:00 alle 12.45<br \/>\n<b>2\u00b0 turno<\/b> dalle 12:45 alle 13:30<br \/>\n<b>3\u00b0 turno<\/b> dalle 13:30 alle 14:15<br \/>\n<b>4\u00b0 turno<\/b> dalle 14:15 alle 15:00<\/p>\n<p><b>In alternativa \u00e8 possibile prenotare il pranzo presso uno dei nostri ristoranti convenzionati a partire da un costo di 13,00\u20ac a persona.<\/b> <span class=\"Apple-converted-space\">\u00a0<\/span><\/p>\n<p>Per ricevere informazioni o per prenotare \u00e8 possibile contattare i nostri uffici al numero 0577.778324 dal luned\u00ec al venerd\u00ec dalle ore 9.30 alle ore 12.30 oppure scrivendoci una e-mail all\u2019indirizzo <a href=\"mailto:info@museominerario.it\">info@museominerario.it<\/a> sar\u00e0 nostra cura suggerire le migliori soluzioni ed organizzare i relativi servizi richiesti per ottimizzare e massimizzare i tempi.<span class=\"Apple-converted-space\">\u00a0 <\/span>Ricordate che ciascun laboratorio pu\u00f2 ospitare unicamente un gruppo (di minimo<span class=\"Apple-converted-space\">\u00a0<\/span>15 e massimo 25\/30 studenti) per fascia oraria. E\u2019 quindi condizione necessaria comunicare il numero esatto del gruppo per effettuare la prenotazione. In caso di numeri inferiori a 15 partecipanti sar\u00e0 previsto un importo forfettario.[\/vc_column_text][\/vc_column][\/vc_row]<\/p>\n<\/div>","protected":false},"excerpt":{"rendered":"<p>[vc_row full_width=&#8221;stretch_row&#8221; bg_type=&#8221;bg_color&#8221; seperator_enable=&#8221;seperator_enable_value&#8221; seperator_type=&#8221;tilt_left_seperator&#8221; seperator_position=&#8221;bottom_seperator&#8221; seperator_shape_background=&#8221;#912224&#8243; bg_color_value=&#8221;#ffffff&#8221; css=&#8221;.vc_custom_1545060940845{padding-bottom: 30px !important;}&#8221;][vc_column][\/vc_column][\/vc_row][vc_row full_width=&#8221;stretch_row&#8221; bg_type=&#8221;bg_color&#8221; seperator_enable=&#8221;seperator_enable_value&#8221; seperator_type=&#8221;tilt_left_seperator&#8221; seperator_shape_background=&#8221;#912224&#8243; bg_color_value=&#8221;#ffffff&#8221;][vc_column][vc_empty_space][\/vc_column][\/vc_row][vc_row css=&#8221;.vc_custom_1559746104508{margin-top: 35px !important;}&#8221;][vc_column width=&#8221;1\/4&#8243;][\/vc_column][vc_column width=&#8221;2\/3&#8243;][vc_column_text css=&#8221;.vc_custom_1717162159673{margin-bottom: 10px !important;}&#8221;]La visita guidata alle esposizioni museali per gruppi segue il seguente tariffario: Museo Multimediale + Museo Documentale + Galleria livello VII con locomotore &#8211; \u20ac 10,00 Museo Multimediale + Museo Documentale&hellip;<\/p>\n","protected":false},"author":1,"featured_media":0,"parent":0,"menu_order":0,"comment_status":"closed","ping_status":"closed","template":"","meta":{"footnotes":""},"class_list":["post-58","page","type-page","status-publish","hentry","description-off"],"_links":{"self":[{"href":"https:\/\/www.museominerario.it\/2018\/wp-json\/wp\/v2\/pages\/58","targetHints":{"allow":["GET"]}}],"collection":[{"href":"https:\/\/www.museominerario.it\/2018\/wp-json\/wp\/v2\/pages"}],"about":[{"href":"https:\/\/www.museominerario.it\/2018\/wp-json\/wp\/v2\/types\/page"}],"author":[{"embeddable":true,"href":"https:\/\/www.museominerario.it\/2018\/wp-json\/wp\/v2\/users\/1"}],"replies":[{"embeddable":true,"href":"https:\/\/www.museominerario.it\/2018\/wp-json\/wp\/v2\/comments?post=58"}],"version-history":[{"count":26,"href":"https:\/\/www.museominerario.it\/2018\/wp-json\/wp\/v2\/pages\/58\/revisions"}],"predecessor-version":[{"id":2860,"href":"https:\/\/www.museominerario.it\/2018\/wp-json\/wp\/v2\/pages\/58\/revisions\/2860"}],"wp:attachment":[{"href":"https:\/\/www.museominerario.it\/2018\/wp-json\/wp\/v2\/media?parent=58"}],"curies":[{"name":"wp","href":"https:\/\/api.w.org\/{rel}","templated":true}]}}